{"id":930,"date":"2026-02-12T01:49:43","date_gmt":"2026-02-12T01:49:43","guid":{"rendered":"https:\/\/comfaseg.com\/web\/?page_id=930"},"modified":"2026-04-10T13:40:03","modified_gmt":"2026-04-10T18:40:03","slug":"servicios","status":"publish","type":"page","link":"https:\/\/comfaseg.com\/web\/servicios\/","title":{"rendered":"Servicios"},"content":{"rendered":"\t\t<div data-elementor-type=\"wp-page\" data-elementor-id=\"930\" class=\"elementor elementor-930\">\n\t\t\t\t<div class=\"elementor-element elementor-element-7b65ce6 e-con-full e-flex e-con e-parent\" data-id=\"7b65ce6\" data-element_type=\"container\" data-e-type=\"container\" data-settings=\"{&quot;background_background&quot;:&quot;gradient&quot;}\">\n\t\t\t\t<div class=\"elementor-element elementor-element-e71af5d elementor-widget elementor-widget-spacer\" data-id=\"e71af5d\" data-element_type=\"widget\" data-e-type=\"widget\" data-widget_type=\"spacer.default\">\n\t\t\t\t\t\t\t<div class=\"elementor-spacer\">\n\t\t\t<div class=\"elementor-spacer-inner\"><\/div>\n\t\t<\/div>\n\t\t\t\t\t\t<\/div>\n\t\t\t\t<div class=\"elementor-element elementor-element-3daf3b0 elementor-widget elementor-widget-heading\" data-id=\"3daf3b0\" data-element_type=\"widget\" data-e-type=\"widget\" data-widget_type=\"heading.default\">\n\t\t\t\t\t<h3 class=\"elementor-heading-title elementor-size-default\"><span class=\"fs22 cf1\">NUESTROS SERVICIOS<\/span><\/h3>\t\t\t\t<\/div>\n\t\t\t\t<div class=\"elementor-element elementor-element-c593170 elementor-widget-divider--view-line elementor-widget elementor-widget-divider\" data-id=\"c593170\" data-element_type=\"widget\" data-e-type=\"widget\" data-widget_type=\"divider.default\">\n\t\t\t\t\t\t\t<div class=\"elementor-divider\">\n\t\t\t<span class=\"elementor-divider-separator\">\n\t\t\t\t\t\t<\/span>\n\t\t<\/div>\n\t\t\t\t\t\t<\/div>\n\t\t\t\t<div class=\"elementor-element elementor-element-05a5526 elementor-widget elementor-widget-text-editor\" data-id=\"05a5526\" data-element_type=\"widget\" data-e-type=\"widget\" data-widget_type=\"text-editor.default\">\n\t\t\t\t\t\t\t\t\t<span class=\"cf1\">SERVICIO DE CALIDAD CON PERSONAL ALTAMENTE CALIFICADO<\/span>\t\t\t\t\t\t\t\t<\/div>\n\t\t\t\t<div class=\"elementor-element elementor-element-dad9163 elementor-widget elementor-widget-spacer\" data-id=\"dad9163\" data-element_type=\"widget\" data-e-type=\"widget\" data-widget_type=\"spacer.default\">\n\t\t\t\t\t\t\t<div class=\"elementor-spacer\">\n\t\t\t<div class=\"elementor-spacer-inner\"><\/div>\n\t\t<\/div>\n\t\t\t\t\t\t<\/div>\n\t\t\t\t<\/div>\n\t\t<div class=\"elementor-element elementor-element-286f8f3 e-flex e-con-boxed e-con e-parent\" data-id=\"286f8f3\" data-element_type=\"container\" data-e-type=\"container\" data-settings=\"{&quot;background_background&quot;:&quot;gradient&quot;}\">\n\t\t\t\t\t<div class=\"e-con-inner\">\n\t\t\t\t<div class=\"elementor-element elementor-element-625ca84 elementor-view-default elementor-widget elementor-widget-icon\" data-id=\"625ca84\" data-element_type=\"widget\" data-e-type=\"widget\" data-widget_type=\"icon.default\">\n\t\t\t\t\t\t\t<div class=\"elementor-icon-wrapper\">\n\t\t\t<div class=\"elementor-icon\">\n\t\t\t<svg aria-hidden=\"true\" class=\"e-font-icon-svg e-fas-caret-down\" viewBox=\"0 0 320 512\" xmlns=\"http:\/\/www.w3.org\/2000\/svg\"><path d=\"M31.3 192h257.3c17.8 0 26.7 21.5 14.1 34.1L174.1 354.8c-7.8 7.8-20.5 7.8-28.3 0L17.2 226.1C4.6 213.5 13.5 192 31.3 192z\"><\/path><\/svg>\t\t\t<\/div>\n\t\t<\/div>\n\t\t\t\t\t\t<\/div>\n\t\t\t\t<div class=\"elementor-element elementor-element-b9011d1 elementor-widget elementor-widget-spacer\" data-id=\"b9011d1\" data-element_type=\"widget\" data-e-type=\"widget\" data-widget_type=\"spacer.default\">\n\t\t\t\t\t\t\t<div class=\"elementor-spacer\">\n\t\t\t<div class=\"elementor-spacer-inner\"><\/div>\n\t\t<\/div>\n\t\t\t\t\t\t<\/div>\n\t\t\t\t\t<\/div>\n\t\t\t\t<\/div>\n\t\t<div class=\"elementor-element elementor-element-717bc8e e-flex e-con-boxed e-con e-parent\" data-id=\"717bc8e\" data-element_type=\"container\" data-e-type=\"container\">\n\t\t\t\t\t<div class=\"e-con-inner\">\n\t\t<div class=\"elementor-element elementor-element-e1e7ec9 e-grid e-con-full e-con e-child\" data-id=\"e1e7ec9\" data-element_type=\"container\" data-e-type=\"container\">\n\t\t<div class=\"elementor-element elementor-element-0f0112d e-grid e-con-full e-con e-child\" data-id=\"0f0112d\" data-element_type=\"container\" data-e-type=\"container\">\n\t\t\t\t<div class=\"elementor-element elementor-element-0a8375b elementor-invisible elementor-widget elementor-widget-image\" data-id=\"0a8375b\" data-element_type=\"widget\" data-e-type=\"widget\" data-settings=\"{&quot;_animation&quot;:&quot;zoomIn&quot;}\" data-widget_type=\"image.default\">\n\t\t\t\t\t\t\t\t\t\t\t\t\t\t\t<img decoding=\"async\" width=\"150\" height=\"150\" src=\"https:\/\/comfaseg.com\/web\/wp-content\/uploads\/2026\/02\/11-150x150.png\" class=\"attachment-thumbnail size-thumbnail wp-image-991\" alt=\"\" \/>\t\t\t\t\t\t\t\t\t\t\t\t\t\t\t<\/div>\n\t\t\t\t<div class=\"elementor-element elementor-element-66c0fb9 elementor-invisible elementor-widget elementor-widget-text-editor\" data-id=\"66c0fb9\" data-element_type=\"widget\" data-e-type=\"widget\" data-settings=\"{&quot;_animation&quot;:&quot;fadeInLeft&quot;}\" data-widget_type=\"text-editor.default\">\n\t\t\t\t\t\t\t\t\t<p><span class=\"fs12\">Seguridad Empresarial, Industrial, Comercial, Residencial, Bancaria, Petrolera, Servicios Portuarios, El\u00e9ctricas&nbsp;etc.<\/span><\/p>\t\t\t\t\t\t\t\t<\/div>\n\t\t\t\t<\/div>\n\t\t<div class=\"elementor-element elementor-element-f7ae867 e-grid e-con-full e-con e-child\" data-id=\"f7ae867\" data-element_type=\"container\" data-e-type=\"container\">\n\t\t\t\t<div class=\"elementor-element elementor-element-983999f elementor-invisible elementor-widget elementor-widget-image\" data-id=\"983999f\" data-element_type=\"widget\" data-e-type=\"widget\" data-settings=\"{&quot;_animation&quot;:&quot;zoomIn&quot;}\" data-widget_type=\"image.default\">\n\t\t\t\t\t\t\t\t\t\t\t\t\t\t\t<img decoding=\"async\" width=\"150\" height=\"150\" src=\"https:\/\/comfaseg.com\/web\/wp-content\/uploads\/2026\/02\/124-150x150.png\" class=\"attachment-thumbnail size-thumbnail wp-image-992\" alt=\"\" \/>\t\t\t\t\t\t\t\t\t\t\t\t\t\t\t<\/div>\n\t\t\t\t<div class=\"elementor-element elementor-element-64fa2d2 elementor-invisible elementor-widget elementor-widget-text-editor\" data-id=\"64fa2d2\" data-element_type=\"widget\" data-e-type=\"widget\" data-settings=\"{&quot;_animation&quot;:&quot;fadeInRight&quot;}\" data-widget_type=\"text-editor.default\">\n\t\t\t\t\t\t\t\t\t<p><span class=\"fs12\"><span style=\"text-align: left;\">Servicio de Protecci\u00f3n Personal<\/span><span style=\"line-height: 23px;\">. P<\/span><\/span>rotecci\u00f3n a extranjeros en&nbsp;visitas al pa\u00eds<\/p>\t\t\t\t\t\t\t\t<\/div>\n\t\t\t\t<\/div>\n\t\t<div class=\"elementor-element elementor-element-c6eab23 e-grid e-con-full e-con e-child\" data-id=\"c6eab23\" data-element_type=\"container\" data-e-type=\"container\">\n\t\t\t\t<div class=\"elementor-element elementor-element-00d2182 elementor-invisible elementor-widget elementor-widget-image\" data-id=\"00d2182\" data-element_type=\"widget\" data-e-type=\"widget\" data-settings=\"{&quot;_animation&quot;:&quot;zoomIn&quot;}\" data-widget_type=\"image.default\">\n\t\t\t\t\t\t\t\t\t\t\t\t\t\t\t<img decoding=\"async\" width=\"150\" height=\"150\" src=\"https:\/\/comfaseg.com\/web\/wp-content\/uploads\/2026\/02\/125-150x150.png\" class=\"attachment-thumbnail size-thumbnail wp-image-996\" alt=\"\" \/>\t\t\t\t\t\t\t\t\t\t\t\t\t\t\t<\/div>\n\t\t\t\t<div class=\"elementor-element elementor-element-1d5b995 elementor-invisible elementor-widget elementor-widget-text-editor\" data-id=\"1d5b995\" data-element_type=\"widget\" data-e-type=\"widget\" data-settings=\"{&quot;_animation&quot;:&quot;fadeInLeft&quot;}\" data-widget_type=\"text-editor.default\">\n\t\t\t\t\t\t\t\t\t<p><span class=\"fs12\">Seguridad, custodia transporte de valores y carga: \nEstamos preparados para realizar custodias de bienes, desde su empresa \nhasta cualquier destino a nivel nacional puesto que tenemos el personal \ncapacitado, los veh\u00edculos y la infraestructura para brindar este \nservicio, en el momento que su empresa lo requiera. Adicionalmente como \nvalor agregado para nuestros clientes contamos con: <\/span><br><\/p>\t\t\t\t\t\t\t\t<\/div>\n\t\t\t\t<\/div>\n\t\t<div class=\"elementor-element elementor-element-f24cd66 e-grid e-con-full e-con e-child\" data-id=\"f24cd66\" data-element_type=\"container\" data-e-type=\"container\">\n\t\t\t\t<div class=\"elementor-element elementor-element-90b7fc4 elementor-invisible elementor-widget elementor-widget-image\" data-id=\"90b7fc4\" data-element_type=\"widget\" data-e-type=\"widget\" data-settings=\"{&quot;_animation&quot;:&quot;zoomIn&quot;}\" data-widget_type=\"image.default\">\n\t\t\t\t\t\t\t\t\t\t\t\t\t\t\t<img loading=\"lazy\" decoding=\"async\" width=\"150\" height=\"150\" src=\"https:\/\/comfaseg.com\/web\/wp-content\/uploads\/2026\/02\/126-150x150.png\" class=\"attachment-thumbnail size-thumbnail wp-image-997\" alt=\"\" \/>\t\t\t\t\t\t\t\t\t\t\t\t\t\t\t<\/div>\n\t\t\t\t<div class=\"elementor-element elementor-element-93a0fa6 elementor-invisible elementor-widget elementor-widget-text-editor\" data-id=\"93a0fa6\" data-element_type=\"widget\" data-e-type=\"widget\" data-settings=\"{&quot;_animation&quot;:&quot;fadeInRight&quot;}\" data-widget_type=\"text-editor.default\">\n\t\t\t\t\t\t\t\t\t<div data-responsive-sequence-number=\"10\" id=\"imCellStyle_58\">\n<div id=\"imTextObject_4_58\">\n<div class=\"text-tab-content\" id=\"imTextObject_4_58_tab0\" style=\"\">\n<div class=\"text-inner\">\n<div style=\"text-align: justify;\"><span class=\"fs12\">Inspecci\u00f3n de contenedores, contra prevenci\u00f3n de contaminaci\u00f3n por drogas.<\/span><\/div>\n\n<div>\n<div>Servicios Portuarios<\/div>\n<\/div>\n<\/div>\n<\/div>\n<\/div>\n<\/div><p><br><\/p>\t\t\t\t\t\t\t\t<\/div>\n\t\t\t\t<\/div>\n\t\t\t\t<div class=\"elementor-element elementor-element-e5031c2 elementor-invisible elementor-widget elementor-widget-text-editor\" data-id=\"e5031c2\" data-element_type=\"widget\" data-e-type=\"widget\" data-settings=\"{&quot;_animation&quot;:&quot;fadeInRight&quot;}\" data-widget_type=\"text-editor.default\">\n\t\t\t\t\t\t\t\t\t<div><span class=\"fs12\"><b>1.- Rastreo satelital (GPS):<\/b> Nuestros clientes pueden monitorear todo el traslado de la carga hasta su destino final.<\/span><\/div>\n<div><\/div><div><span class=\"fs12\"><b>2.- Servicio VPN:<\/b> Permite constante&nbsp;comunicaci\u00f3n, y transmisi\u00f3n oportuna de informaci\u00f3n entre el cliente, central de monitoreo y el personal de custodia Investigaci\u00f3n.<\/span><\/div>\t\t\t\t\t\t\t\t<\/div>\n\t\t<div class=\"elementor-element elementor-element-17a957f e-grid e-con-full e-con e-child\" data-id=\"17a957f\" data-element_type=\"container\" data-e-type=\"container\">\n\t\t\t\t<div class=\"elementor-element elementor-element-7ecfabb elementor-invisible elementor-widget elementor-widget-image\" data-id=\"7ecfabb\" data-element_type=\"widget\" data-e-type=\"widget\" data-settings=\"{&quot;_animation&quot;:&quot;zoomIn&quot;}\" data-widget_type=\"image.default\">\n\t\t\t\t\t\t\t\t\t\t\t\t\t\t\t<img loading=\"lazy\" decoding=\"async\" width=\"150\" height=\"150\" src=\"https:\/\/comfaseg.com\/web\/wp-content\/uploads\/2026\/02\/Captura-de-pantalla-2026-02-11-220846-150x150.png\" class=\"attachment-thumbnail size-thumbnail wp-image-999\" alt=\"\" \/>\t\t\t\t\t\t\t\t\t\t\t\t\t\t\t<\/div>\n\t\t\t\t<div class=\"elementor-element elementor-element-42834a2 elementor-invisible elementor-widget elementor-widget-text-editor\" data-id=\"42834a2\" data-element_type=\"widget\" data-e-type=\"widget\" data-settings=\"{&quot;_animation&quot;:&quot;fadeInRight&quot;}\" data-widget_type=\"text-editor.default\">\n\t\t\t\t\t\t\t\t\t<p><span class=\"fs12\">Estudios de seguridad,<span class=\"cf1\"> <\/span>An\u00e1lisis de riesgos y prevenci\u00f3n de p\u00e9rdidas.<\/span><\/p>\t\t\t\t\t\t\t\t<\/div>\n\t\t\t\t<\/div>\n\t\t<div class=\"elementor-element elementor-element-30e9205 e-grid e-con-full e-con e-child\" data-id=\"30e9205\" data-element_type=\"container\" data-e-type=\"container\">\n\t\t\t\t<div class=\"elementor-element elementor-element-5023e34 elementor-invisible elementor-widget elementor-widget-image\" data-id=\"5023e34\" data-element_type=\"widget\" data-e-type=\"widget\" data-settings=\"{&quot;_animation&quot;:&quot;zoomIn&quot;}\" data-widget_type=\"image.default\">\n\t\t\t\t\t\t\t\t\t\t\t\t\t\t\t<img loading=\"lazy\" decoding=\"async\" width=\"150\" height=\"150\" src=\"https:\/\/comfaseg.com\/web\/wp-content\/uploads\/2026\/02\/Captura-de-pantalla-2026-02-11-220918-150x150.png\" class=\"attachment-thumbnail size-thumbnail wp-image-1000\" alt=\"\" \/>\t\t\t\t\t\t\t\t\t\t\t\t\t\t\t<\/div>\n\t\t\t\t<div class=\"elementor-element elementor-element-53bffdf elementor-invisible elementor-widget elementor-widget-text-editor\" data-id=\"53bffdf\" data-element_type=\"widget\" data-e-type=\"widget\" data-settings=\"{&quot;_animation&quot;:&quot;fadeInLeft&quot;}\" data-widget_type=\"text-editor.default\">\n\t\t\t\t\t\t\t\t\t<p><span class=\"fs12\">Monitoreo y supervisi\u00f3n permanente 24 horas todos los d\u00edas del a\u00f1o.<\/span><\/p>\t\t\t\t\t\t\t\t<\/div>\n\t\t\t\t<\/div>\n\t\t<div class=\"elementor-element elementor-element-08d3144 e-grid e-con-full e-con e-child\" data-id=\"08d3144\" data-element_type=\"container\" data-e-type=\"container\">\n\t\t\t\t<div class=\"elementor-element elementor-element-1304c2a elementor-invisible elementor-widget elementor-widget-image\" data-id=\"1304c2a\" data-element_type=\"widget\" data-e-type=\"widget\" data-settings=\"{&quot;_animation&quot;:&quot;zoomIn&quot;}\" data-widget_type=\"image.default\">\n\t\t\t\t\t\t\t\t\t\t\t\t\t\t\t<img loading=\"lazy\" decoding=\"async\" width=\"150\" height=\"150\" src=\"https:\/\/comfaseg.com\/web\/wp-content\/uploads\/2026\/04\/satelital-lock-150x150.jpg\" class=\"attachment-thumbnail size-thumbnail wp-image-1348\" alt=\"\" \/>\t\t\t\t\t\t\t\t\t\t\t\t\t\t\t<\/div>\n\t\t\t\t<div class=\"elementor-element elementor-element-6e82c0c elementor-invisible elementor-widget elementor-widget-text-editor\" data-id=\"6e82c0c\" data-element_type=\"widget\" data-e-type=\"widget\" data-settings=\"{&quot;_animation&quot;:&quot;fadeInLeft&quot;}\" data-widget_type=\"text-editor.default\">\n\t\t\t\t\t\t\t\t\t<p><span class=\"fs12\">Candados Satelitales<\/span><\/p>\t\t\t\t\t\t\t\t<\/div>\n\t\t\t\t<\/div>\n\t\t\t\t<\/div>\n\t\t\t\t\t<\/div>\n\t\t\t\t<\/div>\n\t\t<div class=\"elementor-element elementor-element-fdb9894 e-flex e-con-boxed e-con e-parent\" data-id=\"fdb9894\" data-element_type=\"container\" data-e-type=\"container\" data-settings=\"{&quot;background_background&quot;:&quot;gradient&quot;}\">\n\t\t\t\t\t<div class=\"e-con-inner\">\n\t\t<div class=\"elementor-element elementor-element-ae86d4f e-con-full e-flex e-con e-child\" data-id=\"ae86d4f\" data-element_type=\"container\" data-e-type=\"container\">\n\t\t\t\t<div class=\"elementor-element elementor-element-c313b88 elementor-widget elementor-widget-image\" data-id=\"c313b88\" data-element_type=\"widget\" data-e-type=\"widget\" data-widget_type=\"image.default\">\n\t\t\t\t\t\t\t\t\t\t\t\t\t\t\t<img decoding=\"async\" src=\"https:\/\/comfaseg.com\/web\/wp-content\/uploads\/elementor\/thumbs\/Captura-de-pantalla-2026-02-11-164939-rj0lgj2iuabnofqoju8k98cz20mf25ukhn0z3jub2s.png\" title=\"Captura de pantalla 2026-02-11 164939\" alt=\"Captura de pantalla 2026-02-11 164939\" loading=\"lazy\" \/>\t\t\t\t\t\t\t\t\t\t\t\t\t\t\t<\/div>\n\t\t\t\t<\/div>\n\t\t<div class=\"elementor-element elementor-element-63a14f1 e-grid e-con-full e-con e-child\" data-id=\"63a14f1\" data-element_type=\"container\" data-e-type=\"container\">\n\t\t\t\t<div class=\"elementor-element elementor-element-e4290c2 elementor-view-default elementor-widget elementor-widget-icon\" data-id=\"e4290c2\" data-element_type=\"widget\" data-e-type=\"widget\" data-widget_type=\"icon.default\">\n\t\t\t\t\t\t\t<div class=\"elementor-icon-wrapper\">\n\t\t\t<div class=\"elementor-icon\">\n\t\t\t<svg aria-hidden=\"true\" class=\"e-font-icon-svg e-fas-phone-square-alt\" viewBox=\"0 0 448 512\" xmlns=\"http:\/\/www.w3.org\/2000\/svg\"><path d=\"M400 32H48A48 48 0 0 0 0 80v352a48 48 0 0 0 48 48h352a48 48 0 0 0 48-48V80a48 48 0 0 0-48-48zm-16.39 307.37l-15 65A15 15 0 0 1 354 416C194 416 64 286.29 64 126a15.7 15.7 0 0 1 11.63-14.61l65-15A18.23 18.23 0 0 1 144 96a16.27 16.27 0 0 1 13.79 9.09l30 70A17.9 17.9 0 0 1 189 181a17 17 0 0 1-5.5 11.61l-37.89 31a231.91 231.91 0 0 0 110.78 110.78l31-37.89A17 17 0 0 1 299 291a17.85 17.85 0 0 1 5.91 1.21l70 30A16.25 16.25 0 0 1 384 336a17.41 17.41 0 0 1-.39 3.37z\"><\/path><\/svg>\t\t\t<\/div>\n\t\t<\/div>\n\t\t\t\t\t\t<\/div>\n\t\t\t\t<div class=\"elementor-element elementor-element-8fe99a6 elementor-widget elementor-widget-text-editor\" data-id=\"8fe99a6\" data-element_type=\"widget\" data-e-type=\"widget\" data-widget_type=\"text-editor.default\">\n\t\t\t\t\t\t\t\t\t<span class=\"fs12 cf1\">05 2678 222 \/ 05 2678 343\/ 098 0812321<\/span>\t\t\t\t\t\t\t\t<\/div>\n\t\t\t\t<\/div>\n\t\t\t\t\t<\/div>\n\t\t\t\t<\/div>\n\t\t<div class=\"elementor-element elementor-element-a75ec58 e-flex e-con-boxed e-con e-parent\" data-id=\"a75ec58\" data-element_type=\"container\" data-e-type=\"container\" data-settings=\"{&quot;background_background&quot;:&quot;gradient&quot;}\">\n\t\t\t\t\t<div class=\"e-con-inner\">\n\t\t\t\t<div class=\"elementor-element elementor-element-a72a568 elementor-widget elementor-widget-spacer\" data-id=\"a72a568\" data-element_type=\"widget\" data-e-type=\"widget\" data-widget_type=\"spacer.default\">\n\t\t\t\t\t\t\t<div class=\"elementor-spacer\">\n\t\t\t<div class=\"elementor-spacer-inner\"><\/div>\n\t\t<\/div>\n\t\t\t\t\t\t<\/div>\n\t\t\t\t<div class=\"elementor-element elementor-element-c4dcb03 elementor-widget elementor-widget-heading\" data-id=\"c4dcb03\" data-element_type=\"widget\" data-e-type=\"widget\" data-widget_type=\"heading.default\">\n\t\t\t\t\t<h3 class=\"elementor-heading-title elementor-size-default\"><span class=\"fs22 cf1\">NUESTROS CERTIFICADOS<\/span><\/h3>\t\t\t\t<\/div>\n\t\t\t\t<div class=\"elementor-element elementor-element-48c97cf elementor-widget-divider--view-line elementor-widget elementor-widget-divider\" data-id=\"48c97cf\" data-element_type=\"widget\" data-e-type=\"widget\" data-widget_type=\"divider.default\">\n\t\t\t\t\t\t\t<div class=\"elementor-divider\">\n\t\t\t<span class=\"elementor-divider-separator\">\n\t\t\t\t\t\t<\/span>\n\t\t<\/div>\n\t\t\t\t\t\t<\/div>\n\t\t\t\t<div class=\"elementor-element elementor-element-177fd4e elementor-widget elementor-widget-text-editor\" data-id=\"177fd4e\" data-element_type=\"widget\" data-e-type=\"widget\" data-widget_type=\"text-editor.default\">\n\t\t\t\t\t\t\t\t\t<span>ESTAMOS CERTIFICADOS INTERNACIONALMENTE<\/span>\t\t\t\t\t\t\t\t<\/div>\n\t\t\t\t<div class=\"elementor-element elementor-element-ded620c elementor-widget elementor-widget-spacer\" data-id=\"ded620c\" data-element_type=\"widget\" data-e-type=\"widget\" data-widget_type=\"spacer.default\">\n\t\t\t\t\t\t\t<div class=\"elementor-spacer\">\n\t\t\t<div class=\"elementor-spacer-inner\"><\/div>\n\t\t<\/div>\n\t\t\t\t\t\t<\/div>\n\t\t\t\t\t<\/div>\n\t\t\t\t<\/div>\n\t\t<div class=\"elementor-element elementor-element-6743c6b e-flex e-con-boxed e-con e-parent\" data-id=\"6743c6b\" data-element_type=\"container\" data-e-type=\"container\">\n\t\t\t\t\t<div class=\"e-con-inner\">\n\t\t\t\t<div class=\"elementor-element elementor-element-8a53e67 elementor-view-default elementor-widget elementor-widget-icon\" data-id=\"8a53e67\" data-element_type=\"widget\" data-e-type=\"widget\" data-widget_type=\"icon.default\">\n\t\t\t\t\t\t\t<div class=\"elementor-icon-wrapper\">\n\t\t\t<div class=\"elementor-icon\">\n\t\t\t<svg aria-hidden=\"true\" class=\"e-font-icon-svg e-fas-caret-down\" viewBox=\"0 0 320 512\" xmlns=\"http:\/\/www.w3.org\/2000\/svg\"><path d=\"M31.3 192h257.3c17.8 0 26.7 21.5 14.1 34.1L174.1 354.8c-7.8 7.8-20.5 7.8-28.3 0L17.2 226.1C4.6 213.5 13.5 192 31.3 192z\"><\/path><\/svg>\t\t\t<\/div>\n\t\t<\/div>\n\t\t\t\t\t\t<\/div>\n\t\t\t\t\t<\/div>\n\t\t\t\t<\/div>\n\t\t<div class=\"elementor-element elementor-element-4459487 e-flex e-con-boxed e-con e-parent\" data-id=\"4459487\" data-element_type=\"container\" data-e-type=\"container\">\n\t\t\t\t\t<div class=\"e-con-inner\">\n\t\t\t\t<div class=\"elementor-element elementor-element-a7c1fc0 elementor-widget elementor-widget-text-editor\" data-id=\"a7c1fc0\" data-element_type=\"widget\" data-e-type=\"widget\" data-widget_type=\"text-editor.default\">\n\t\t\t\t\t\t\t\t\t<p><span class=\"fs14\">CERTIFICACI\u00d3N BASC<\/span><\/p>\t\t\t\t\t\t\t\t<\/div>\n\t\t\t\t<div class=\"elementor-element elementor-element-9d37bc7 elementor-widget elementor-widget-image\" data-id=\"9d37bc7\" data-element_type=\"widget\" data-e-type=\"widget\" data-widget_type=\"image.default\">\n\t\t\t\t\t\t\t\t\t\t\t\t\t\t\t<img loading=\"lazy\" decoding=\"async\" width=\"580\" height=\"430\" src=\"https:\/\/comfaseg.com\/web\/wp-content\/uploads\/2026\/01\/Captura-de-pantalla-2026-01-30-124659.png\" class=\"attachment-large size-large wp-image-265\" alt=\"\" srcset=\"https:\/\/comfaseg.com\/web\/wp-content\/uploads\/2026\/01\/Captura-de-pantalla-2026-01-30-124659.png 580w, https:\/\/comfaseg.com\/web\/wp-content\/uploads\/2026\/01\/Captura-de-pantalla-2026-01-30-124659-300x222.png 300w\" sizes=\"(max-width: 580px) 100vw, 580px\" \/>\t\t\t\t\t\t\t\t\t\t\t\t\t\t\t<\/div>\n\t\t\t\t\t<\/div>\n\t\t\t\t<\/div>\n\t\t\t\t<\/div>\n\t\t","protected":false},"excerpt":{"rendered":"<p>NUESTROS SERVICIOS SERVICIO DE CALIDAD CON PERSONAL ALTAMENTE CALIFICADO Seguridad Empresarial, Industrial, Comercial, Residencial, Bancaria, Petrolera, Servicios Portuarios, El\u00e9ctricas&nbsp;etc. Servicio de Protecci\u00f3n Personal. Protecci\u00f3n a extranjeros en&nbsp;visitas al pa\u00eds Seguridad, custodia transporte de valores y carga: Estamos preparados para realizar custodias de bienes, desde su empresa hasta cualquier destino a nivel nacional puesto que tenemos [&hellip;]<\/p>\n","protected":false},"author":1,"featured_media":0,"parent":0,"menu_order":0,"comment_status":"closed","ping_status":"closed","template":"elementor_header_footer","meta":{"footnotes":""},"class_list":["post-930","page","type-page","status-publish","hentry"],"_links":{"self":[{"href":"https:\/\/comfaseg.com\/web\/wp-json\/wp\/v2\/pages\/930","targetHints":{"allow":["GET"]}}],"collection":[{"href":"https:\/\/comfaseg.com\/web\/wp-json\/wp\/v2\/pages"}],"about":[{"href":"https:\/\/comfaseg.com\/web\/wp-json\/wp\/v2\/types\/page"}],"author":[{"embeddable":true,"href":"https:\/\/comfaseg.com\/web\/wp-json\/wp\/v2\/users\/1"}],"replies":[{"embeddable":true,"href":"https:\/\/comfaseg.com\/web\/wp-json\/wp\/v2\/comments?post=930"}],"version-history":[{"count":103,"href":"https:\/\/comfaseg.com\/web\/wp-json\/wp\/v2\/pages\/930\/revisions"}],"predecessor-version":[{"id":1351,"href":"https:\/\/comfaseg.com\/web\/wp-json\/wp\/v2\/pages\/930\/revisions\/1351"}],"wp:attachment":[{"href":"https:\/\/comfaseg.com\/web\/wp-json\/wp\/v2\/media?parent=930"}],"curies":[{"name":"wp","href":"https:\/\/api.w.org\/{rel}","templated":true}]}}